{"id":13971,"date":"2026-05-13T14:17:43","date_gmt":"2026-05-13T11:17:43","guid":{"rendered":"https:\/\/laughing-ganguly.85-215-48-175.plesk.page\/?page_id=13971"},"modified":"2026-05-13T14:45:39","modified_gmt":"2026-05-13T11:45:39","slug":"referanslarimiz","status":"publish","type":"page","link":"https:\/\/laughing-ganguly.85-215-48-175.plesk.page\/en\/referanslarimiz\/","title":{"rendered":"Our References"},"content":{"rendered":"<div data-elementor-type=\"wp-page\" data-elementor-id=\"13971\" class=\"elementor elementor-13971\">\n\t\t\t\t        <section class=\"elementor-section elementor-top-section elementor-element elementor-element-1e5706c elementor-section-stretched elementor-section-boxed elementor-section-height-default elementor-section-height-default pxl-row-scroll-none pxl-zoom-point-false pxl-section-overflow-visible pxl-section-fix-none\" data-id=\"1e5706c\" data-element_type=\"section\" data-e-type=\"section\" data-settings=\"{&quot;stretch_section&quot;:&quot;section-stretched&quot;}\">\n\n                            <div class=\"elementor-background-overlay\"><\/div>\n            \n                <div class=\"elementor-container elementor-column-gap-extended\">\n                <div class=\"elementor-column elementor-col-100 elementor-top-column elementor-element elementor-element-105ef48 pxl-column-none pxl-column-overflow-hidden-no\" data-id=\"105ef48\" data-element_type=\"column\" data-e-type=\"column\">\r\n        <div class=\"elementor-widget-wrap elementor-element-populated\">\r\n                     \r\n        \t\t<div class=\"elementor-element elementor-element-0b61079 elementor-widget elementor-widget-pxl_heading\" data-id=\"0b61079\" data-element_type=\"widget\" data-e-type=\"widget\" data-widget_type=\"pxl_heading.default\">\n\t\t\t\t<div class=\"elementor-widget-container\">\n\t\t\t\t\t<div id=\"pxl-pxl_heading-0b61079-8909\" class=\"pxl-heading\">\n\t<div class=\"pxl-item--container\">\n\t\t<div class=\"pxl-item--inner\">\n\t\t\t\t\t\t\t<div class=\"pxl-item--subtitle pxl-subtitle-default\" data-wow-delay=\"ms\">\n\t\t\t\t\t\t\t\t\t\t\t<svg width=\"52\" height=\"20\" viewbox=\"0 0 52 20\" fill=\"none\" xmlns=\"http:\/\/www.w3.org\/2000\/svg\">\n\t\t\t\t\t\t\t<rect y=\"11\" width=\"50\" height=\"1\" fill=\"#86BB46\"\/>\n\t\t\t\t\t\t\t<rect class=\"pxl-move-rect spin\" x=\"44.7782\" y=\"4\" width=\"10\" height=\"10\" transform=\"rotate(45 44.7782 4)\" fill=\"#86BB46\"\/>\n\t\t\t\t\t\t<\/svg>\n\t\t\t\t\t\t\t\t\t\t<span class=\"pxl-item--subtext\">\n\t\t\t\t\t\tour references\t\t\t\t\t<\/span>\n\t\t\t\t<\/div>\n\t\t\t\t\t\t\t\t\t\t<h2 class=\"pxl-item--title  h2 wow fadeInUp\" \n\t\t\t\tdata-wow-delay=\"ms\">\n\t\t\t\t\t\t\t\t\t\t\tOur Trusted Partners and References\t\t\t\t\t\t\t\t\t<\/h2>\n\t\t\t\t\t<\/div>\n\t<\/div>\n<\/div>\t\t\t\t<\/div>\n\t\t\t\t<\/div>\n\t\t            <\/div>\r\n        <\/div>\r\n        \t\t\t<\/div>\n\t\t<\/section>\n\t\t<div class=\"elementor-element elementor-element-4a2f1cc e-grid e-con-boxed e-con e-parent\" data-id=\"4a2f1cc\" data-element_type=\"container\" data-e-type=\"container\">\t\t\t<div class=\"e-con-inner\">\r\n\t\t\t\t<div class=\"elementor-element elementor-element-d0d45de elementor-widget elementor-widget-pxl_features_grid\" data-id=\"d0d45de\" data-element_type=\"widget\" data-e-type=\"widget\" data-widget_type=\"pxl_features_grid.default\">\n\t\t\t\t<div class=\"elementor-widget-container\">\n\t\t\t\t\t\r\n\r\n    <div id=\"pxl_features_grid-d0d45de-4748\" class=\"pxl-grid pxl-features-grid pxl-features-grid1\">\r\n        <div class=\"pxl-grid-container\">\r\n            <div class=\"pxl-grid-inner row\">\r\n                                                        <div class=\"pxl-grid-item  elementor-repeater-item-4f39f61 col-xxl-pxl5 col-xl-3 col-lg-3 col-md-4 col-sm-6 col-12\" data-wow-delay=\"ms\">\r\n                        <div class=\"pxl-item--inner\">\r\n                            <div class=\"pxl-item--image el-empty\">\r\n                                <img decoding=\"async\" width=\"100\" height=\"55\" src=\"https:\/\/laughing-ganguly.85-215-48-175.plesk.page\/wp-content\/uploads\/2026\/02\/eftalia-hotels-logo-1.png\" class=\"attachment-full\" alt=\"\" \/>                            <\/div>\r\n                            <span class=\"pxl-item--title\">\r\n                                eftal\u0131a hotels                            <\/span>\r\n                        <\/div>\r\n                    <\/div>\r\n                                                        <div class=\"pxl-grid-item  elementor-repeater-item-2f537da col-xxl-pxl5 col-xl-3 col-lg-3 col-md-4 col-sm-6 col-12\" data-wow-delay=\"ms\">\r\n                        <div class=\"pxl-item--inner\">\r\n                            <div class=\"pxl-item--image el-empty\">\r\n                                <img decoding=\"async\" width=\"100\" height=\"55\" src=\"https:\/\/laughing-ganguly.85-215-48-175.plesk.page\/wp-content\/uploads\/2026\/02\/kahya-hotel-logo.png\" class=\"attachment-full\" alt=\"\" \/>                            <\/div>\r\n                            <span class=\"pxl-item--title\">\r\n                                kahya hotels                            <\/span>\r\n                        <\/div>\r\n                    <\/div>\r\n                                                        <div class=\"pxl-grid-item  elementor-repeater-item-4f4eec2 col-xxl-pxl5 col-xl-3 col-lg-3 col-md-4 col-sm-6 col-12\" data-wow-delay=\"ms\">\r\n                        <div class=\"pxl-item--inner\">\r\n                            <div class=\"pxl-item--image el-empty\">\r\n                                <img decoding=\"async\" width=\"100\" height=\"55\" src=\"https:\/\/laughing-ganguly.85-215-48-175.plesk.page\/wp-content\/uploads\/2026\/02\/litore-hotel-logo-2.png\" class=\"attachment-full\" alt=\"\" \/>                            <\/div>\r\n                            <span class=\"pxl-item--title\">\r\n                                l\u0131tore hotel                            <\/span>\r\n                        <\/div>\r\n                    <\/div>\r\n                                                        <div class=\"pxl-grid-item  elementor-repeater-item-a08d3be col-xxl-pxl5 col-xl-3 col-lg-3 col-md-4 col-sm-6 col-12\" data-wow-delay=\"ms\">\r\n                        <div class=\"pxl-item--inner\">\r\n                            <div class=\"pxl-item--image el-empty\">\r\n                                <img loading=\"lazy\" decoding=\"async\" width=\"100\" height=\"55\" src=\"https:\/\/laughing-ganguly.85-215-48-175.plesk.page\/wp-content\/uploads\/2026\/02\/may-flower-logo.png\" class=\"attachment-full\" alt=\"\" \/>                            <\/div>\r\n                            <span class=\"pxl-item--title\">\r\n                                hotel may flower                            <\/span>\r\n                        <\/div>\r\n                    <\/div>\r\n                                                        <div class=\"pxl-grid-item  elementor-repeater-item-b366f60 col-xxl-pxl5 col-xl-3 col-lg-3 col-md-4 col-sm-6 col-12\" data-wow-delay=\"ms\">\r\n                        <div class=\"pxl-item--inner\">\r\n                            <div class=\"pxl-item--image el-empty\">\r\n                                <img loading=\"lazy\" decoding=\"async\" width=\"100\" height=\"55\" src=\"https:\/\/laughing-ganguly.85-215-48-175.plesk.page\/wp-content\/uploads\/2026\/02\/my-home-resort-logo.png\" class=\"attachment-full\" alt=\"\" \/>                            <\/div>\r\n                            <span class=\"pxl-item--title\">\r\n                                my home resort                            <\/span>\r\n                        <\/div>\r\n                    <\/div>\r\n                                                        <div class=\"pxl-grid-item  elementor-repeater-item-4936b88 col-xxl-pxl5 col-xl-3 col-lg-3 col-md-4 col-sm-6 col-12\" data-wow-delay=\"ms\">\r\n                        <div class=\"pxl-item--inner\">\r\n                            <div class=\"pxl-item--image el-empty\">\r\n                                <img loading=\"lazy\" decoding=\"async\" width=\"100\" height=\"55\" src=\"https:\/\/laughing-ganguly.85-215-48-175.plesk.page\/wp-content\/uploads\/2026\/02\/ramira-hotels-logo.png\" class=\"attachment-full\" alt=\"\" \/>                            <\/div>\r\n                            <span class=\"pxl-item--title\">\r\n                                ram\u0131ra hotels                            <\/span>\r\n                        <\/div>\r\n                    <\/div>\r\n                                                        <div class=\"pxl-grid-item  elementor-repeater-item-5c5ebc5 col-xxl-pxl5 col-xl-3 col-lg-3 col-md-4 col-sm-6 col-12\" data-wow-delay=\"ms\">\r\n                        <div class=\"pxl-item--inner\">\r\n                            <div class=\"pxl-item--image el-empty\">\r\n                                <img loading=\"lazy\" decoding=\"async\" width=\"100\" height=\"55\" src=\"https:\/\/laughing-ganguly.85-215-48-175.plesk.page\/wp-content\/uploads\/2026\/02\/riviera-hotel-logo.png\" class=\"attachment-full\" alt=\"\" \/>                            <\/div>\r\n                            <span class=\"pxl-item--title\">\r\n                                r\u0131v\u0131era                            <\/span>\r\n                        <\/div>\r\n                    <\/div>\r\n                                                        <div class=\"pxl-grid-item  elementor-repeater-item-cc874ab col-xxl-pxl5 col-xl-3 col-lg-3 col-md-4 col-sm-6 col-12\" data-wow-delay=\"ms\">\r\n                        <div class=\"pxl-item--inner\">\r\n                            <div class=\"pxl-item--image el-empty\">\r\n                                <img loading=\"lazy\" decoding=\"async\" width=\"100\" height=\"55\" src=\"https:\/\/laughing-ganguly.85-215-48-175.plesk.page\/wp-content\/uploads\/2026\/02\/selena-beach-spa-hotel-logo-2.png\" class=\"attachment-full\" alt=\"\" \/>                            <\/div>\r\n                            <span class=\"pxl-item--title\">\r\n                                selene beach hotel                            <\/span>\r\n                        <\/div>\r\n                    <\/div>\r\n                                                        <div class=\"pxl-grid-item  elementor-repeater-item-25db13e col-xxl-pxl5 col-xl-3 col-lg-3 col-md-4 col-sm-6 col-12\" data-wow-delay=\"ms\">\r\n                        <div class=\"pxl-item--inner\">\r\n                            <div class=\"pxl-item--image el-empty\">\r\n                                <img loading=\"lazy\" decoding=\"async\" width=\"100\" height=\"55\" src=\"https:\/\/laughing-ganguly.85-215-48-175.plesk.page\/wp-content\/uploads\/2026\/02\/telatiye-hotel-logo.png\" class=\"attachment-full\" alt=\"\" \/>                            <\/div>\r\n                            <span class=\"pxl-item--title\">\r\n                                telat\u0131ye resort                            <\/span>\r\n                        <\/div>\r\n                    <\/div>\r\n                                                        <div class=\"pxl-grid-item  elementor-repeater-item-cfd827c col-xxl-pxl5 col-xl-3 col-lg-3 col-md-4 col-sm-6 col-12\" data-wow-delay=\"ms\">\r\n                        <div class=\"pxl-item--inner\">\r\n                            <div class=\"pxl-item--image el-empty\">\r\n                                <img loading=\"lazy\" decoding=\"async\" width=\"100\" height=\"55\" src=\"https:\/\/laughing-ganguly.85-215-48-175.plesk.page\/wp-content\/uploads\/2026\/02\/villa-sun-flower-logo.png\" class=\"attachment-full\" alt=\"\" \/>                            <\/div>\r\n                            <span class=\"pxl-item--title\">\r\n                                v\u0131lla sun flower                            <\/span>\r\n                        <\/div>\r\n                    <\/div>\r\n                                                        <div class=\"pxl-grid-item  elementor-repeater-item-4f59a17 col-xxl-pxl5 col-xl-3 col-lg-3 col-md-4 col-sm-6 col-12\" data-wow-delay=\"ms\">\r\n                        <div class=\"pxl-item--inner\">\r\n                            <div class=\"pxl-item--image el-empty\">\r\n                                <img loading=\"lazy\" decoding=\"async\" width=\"100\" height=\"55\" src=\"https:\/\/laughing-ganguly.85-215-48-175.plesk.page\/wp-content\/uploads\/2026\/02\/white-city-hotels-logo.png\" class=\"attachment-full\" alt=\"\" \/>                            <\/div>\r\n                            <span class=\"pxl-item--title\">\r\n                                white c\u0131ty hotels                            <\/span>\r\n                        <\/div>\r\n                    <\/div>\r\n                                                        <div class=\"pxl-grid-item  elementor-repeater-item-08a272c col-xxl-pxl5 col-xl-3 col-lg-3 col-md-4 col-sm-6 col-12\" data-wow-delay=\"ms\">\r\n                        <div class=\"pxl-item--inner\">\r\n                            <div class=\"pxl-item--image el-empty\">\r\n                                <img loading=\"lazy\" decoding=\"async\" width=\"100\" height=\"55\" src=\"https:\/\/laughing-ganguly.85-215-48-175.plesk.page\/wp-content\/uploads\/2026\/02\/sera-plastik-logo.png\" class=\"attachment-full\" alt=\"\" \/>                            <\/div>\r\n                            <span class=\"pxl-item--title\">\r\n                                sera plast\u0131k                            <\/span>\r\n                        <\/div>\r\n                    <\/div>\r\n                                                        <div class=\"pxl-grid-item  elementor-repeater-item-f662c7d col-xxl-pxl5 col-xl-3 col-lg-3 col-md-4 col-sm-6 col-12\" data-wow-delay=\"ms\">\r\n                        <div class=\"pxl-item--inner\">\r\n                            <div class=\"pxl-item--image el-empty\">\r\n                                <img loading=\"lazy\" decoding=\"async\" width=\"100\" height=\"55\" src=\"https:\/\/laughing-ganguly.85-215-48-175.plesk.page\/wp-content\/uploads\/2026\/02\/club-mermaid-logo.png\" class=\"attachment-full\" alt=\"\" \/>                            <\/div>\r\n                            <span class=\"pxl-item--title\">\r\n                                club merma\u0131d                            <\/span>\r\n                        <\/div>\r\n                    <\/div>\r\n                                                        <div class=\"pxl-grid-item  elementor-repeater-item-4875e65 col-xxl-pxl5 col-xl-3 col-lg-3 col-md-4 col-sm-6 col-12\" data-wow-delay=\"ms\">\r\n                        <div class=\"pxl-item--inner\">\r\n                            <div class=\"pxl-item--image el-empty\">\r\n                                <img loading=\"lazy\" decoding=\"async\" width=\"100\" height=\"55\" src=\"https:\/\/laughing-ganguly.85-215-48-175.plesk.page\/wp-content\/uploads\/2026\/02\/green-garden-hotels-logo.png\" class=\"attachment-full\" alt=\"\" \/>                            <\/div>\r\n                            <span class=\"pxl-item--title\">\r\n                                green garden hotels                            <\/span>\r\n                        <\/div>\r\n                    <\/div>\r\n                                                        <div class=\"pxl-grid-item  elementor-repeater-item-f3f707e col-xxl-pxl5 col-xl-3 col-lg-3 col-md-4 col-sm-6 col-12\" data-wow-delay=\"ms\">\r\n                        <div class=\"pxl-item--inner\">\r\n                            <div class=\"pxl-item--image el-empty\">\r\n                                <img loading=\"lazy\" decoding=\"async\" width=\"100\" height=\"55\" src=\"https:\/\/laughing-ganguly.85-215-48-175.plesk.page\/wp-content\/uploads\/2026\/02\/xafira-deluxe-resort-logo.png\" class=\"attachment-full\" alt=\"\" \/>                            <\/div>\r\n                            <span class=\"pxl-item--title\">\r\n                                xaf\u0131ra deluxe resort                            <\/span>\r\n                        <\/div>\r\n                    <\/div>\r\n                            <\/div>\r\n        <\/div>\r\n    <\/div>\r\n\t\t\t\t<\/div>\n\t\t\t\t<\/div>\n\t\t\t\t\t<\/div>\r\n\t\t\t\t<\/div>\r\n\t\t\t\t<\/div>","protected":false},"excerpt":{"rendered":"<p>referanslar\u0131m\u0131z G\u00fcvenilir \u00c7\u00f6z\u00fcm Ortaklar\u0131m\u0131z ve Referanslar\u0131m\u0131z eftal\u0131a hotels kahya hotels l\u0131tore hotel hotel may flower my home resort ram\u0131ra hotels r\u0131v\u0131era selene beach hotel telat\u0131ye resort v\u0131lla sun flower white c\u0131ty hotels sera plast\u0131k club merma\u0131d green garden hotels xaf\u0131ra deluxe resort<\/p>","protected":false},"author":1,"featured_media":0,"parent":0,"menu_order":0,"comment_status":"closed","ping_status":"closed","template":"","meta":{"footnotes":""},"class_list":["post-13971","page","type-page","status-publish","hentry"],"_links":{"self":[{"href":"https:\/\/laughing-ganguly.85-215-48-175.plesk.page\/en\/wp-json\/wp\/v2\/pages\/13971","targetHints":{"allow":["GET"]}}],"collection":[{"href":"https:\/\/laughing-ganguly.85-215-48-175.plesk.page\/en\/wp-json\/wp\/v2\/pages"}],"about":[{"href":"https:\/\/laughing-ganguly.85-215-48-175.plesk.page\/en\/wp-json\/wp\/v2\/types\/page"}],"author":[{"embeddable":true,"href":"https:\/\/laughing-ganguly.85-215-48-175.plesk.page\/en\/wp-json\/wp\/v2\/users\/1"}],"replies":[{"embeddable":true,"href":"https:\/\/laughing-ganguly.85-215-48-175.plesk.page\/en\/wp-json\/wp\/v2\/comments?post=13971"}],"version-history":[{"count":7,"href":"https:\/\/laughing-ganguly.85-215-48-175.plesk.page\/en\/wp-json\/wp\/v2\/pages\/13971\/revisions"}],"predecessor-version":[{"id":13980,"href":"https:\/\/laughing-ganguly.85-215-48-175.plesk.page\/en\/wp-json\/wp\/v2\/pages\/13971\/revisions\/13980"}],"wp:attachment":[{"href":"https:\/\/laughing-ganguly.85-215-48-175.plesk.page\/en\/wp-json\/wp\/v2\/media?parent=13971"}],"curies":[{"name":"wp","href":"https:\/\/api.w.org\/{rel}","templated":true}]}}